{"id":670,"date":"2023-12-17T17:38:42","date_gmt":"2023-12-17T17:38:42","guid":{"rendered":"https:\/\/www.eswtag.ch\/?page_id=670"},"modified":"2024-03-03T12:43:01","modified_gmt":"2024-03-03T11:43:01","slug":"tiraz","status":"publish","type":"page","link":"https:\/\/eswt.cz\/en\/tiraz\/","title":{"rendered":"Imprint"},"content":{"rendered":"<h4 class=\"wp-block-heading\">Contact address<\/h4>\n\n\n\n<p>ESWT s.r.o., Lednick\u00e1 1533, 198 00 Prague 9 - Kyje<\/p>\n\n\n\n<p>eswt@eswt.cz<\/p>\n\n\n\n<h4 class=\"wp-block-heading\">Persons authorised to represent the company<\/h4>\n\n\n\n<p>Marian Trnovec (marian.trnovec@eswt.cz)<\/p>\n\n\n\n<p>David Kus (david.kus@eswt.cz)<\/p>\n\n\n\n<h4 class=\"wp-block-heading\">Entry in the Commercial Register<\/h4>\n\n\n\n<p>Company name: ESWT s.r.o.<\/p>\n\n\n\n<p>ID: 28921984<\/p>\n\n\n\n<p>DIC: CZ28921984<\/p>","protected":false},"excerpt":{"rendered":"<p>Contact address ESWT s.r.o., Lednick\u00e1 1533, 198 00 Praha 9 - Kyje eswt@eswt.cz Persons authorized to represent the company Marian Trnovec (marian.trnovec@eswt.cz) David K\u016fs (david.kus@eswt.cz) Entry in the Commercial Register Company name: ESWT s.r.o. Company ID: 28921984 Tax ID: CZ28921984<\/p>","protected":false},"author":1,"featured_media":0,"parent":0,"menu_order":0,"comment_status":"closed","ping_status":"closed","template":"","meta":{"footnotes":""},"class_list":["post-670","page","type-page","status-publish","hentry"],"blocksy_meta":{"vertical_spacing_source":"inherit","styles_descriptor":{"styles":{"desktop":"","tablet":"","mobile":""},"google_fonts":[],"version":6}},"yoast_head":"<!-- This site is optimized with the Yoast SEO plugin v27.0 - https:\/\/yoast.com\/product\/yoast-seo-wordpress\/ -->\n<title>Tir\u00e1\u017e - ESWT s.r.o.<\/title>\n<meta name=\"robots\" content=\"noindex, follow\" \/>\n<meta property=\"og:locale\" content=\"en_GB\" \/>\n<meta property=\"og:type\" content=\"article\" \/>\n<meta property=\"og:title\" content=\"Tir\u00e1\u017e - ESWT s.r.o.\" \/>\n<meta property=\"og:description\" content=\"Kontaktn\u00ed adresa ESWT s.r.o., Lednick\u00e1 1533, 198\u00a000 Praha 9 \u2013 Kyje eswt@eswt.cz Osoby opr\u00e1vn\u011bn\u00e9 zastupovat spole\u010dnost Marian Trnovec (marian.trnovec@eswt.cz) David K\u016fs (david.kus@eswt.cz) Z\u00e1pis do obchodn\u00edho rejst\u0159\u00edku N\u00e1zev spole\u010dnosti: ESWT s.r.o. I\u010c: 28921984 DI\u010c: CZ28921984\" \/>\n<meta property=\"og:url\" content=\"https:\/\/eswt.cz\/en\/tiraz\/\" \/>\n<meta property=\"og:site_name\" content=\"ESWT s.r.o.\" \/>\n<meta property=\"article:publisher\" content=\"https:\/\/www.facebook.com\/eswtsro\" \/>\n<meta property=\"article:modified_time\" content=\"2024-03-03T11:43:01+00:00\" \/>\n<meta name=\"twitter:card\" content=\"summary_large_image\" \/>\n<meta name=\"twitter:label1\" content=\"Estimated reading time\" \/>\n\t<meta name=\"twitter:data1\" content=\"1 minute\" \/>\n<script type=\"application\/ld+json\" class=\"yoast-schema-graph\">{\"@context\":\"https:\/\/schema.org\",\"@graph\":[{\"@type\":\"WebPage\",\"@id\":\"https:\/\/eswt.cz\/tiraz\/\",\"url\":\"https:\/\/eswt.cz\/tiraz\/\",\"name\":\"Tir\u00e1\u017e - ESWT s.r.o.\",\"isPartOf\":{\"@id\":\"https:\/\/eswt.cz\/#website\"},\"datePublished\":\"2023-12-17T17:38:42+00:00\",\"dateModified\":\"2024-03-03T11:43:01+00:00\",\"breadcrumb\":{\"@id\":\"https:\/\/eswt.cz\/tiraz\/#breadcrumb\"},\"inLanguage\":\"en-GB\",\"potentialAction\":[{\"@type\":\"ReadAction\",\"target\":[\"https:\/\/eswt.cz\/tiraz\/\"]}]},{\"@type\":\"BreadcrumbList\",\"@id\":\"https:\/\/eswt.cz\/tiraz\/#breadcrumb\",\"itemListElement\":[{\"@type\":\"ListItem\",\"position\":1,\"name\":\"\u00davod\",\"item\":\"https:\/\/eswt.cz\/\"},{\"@type\":\"ListItem\",\"position\":2,\"name\":\"Tir\u00e1\u017e\"}]},{\"@type\":\"WebSite\",\"@id\":\"https:\/\/eswt.cz\/#website\",\"url\":\"https:\/\/eswt.cz\/\",\"name\":\"ESWT s.r.o.\",\"description\":\"Engineering Service Welding Technology\",\"publisher\":{\"@id\":\"https:\/\/eswt.cz\/#organization\"},\"potentialAction\":[{\"@type\":\"SearchAction\",\"target\":{\"@type\":\"EntryPoint\",\"urlTemplate\":\"https:\/\/eswt.cz\/?s={search_term_string}\"},\"query-input\":{\"@type\":\"PropertyValueSpecification\",\"valueRequired\":true,\"valueName\":\"search_term_string\"}}],\"inLanguage\":\"en-GB\"},{\"@type\":\"Organization\",\"@id\":\"https:\/\/eswt.cz\/#organization\",\"name\":\"ESWT s.r.o.\",\"alternateName\":\"Engineering Service Welding Technology\",\"url\":\"https:\/\/eswt.cz\/\",\"logo\":{\"@type\":\"ImageObject\",\"inLanguage\":\"en-GB\",\"@id\":\"https:\/\/eswt.cz\/#\/schema\/logo\/image\/\",\"url\":\"http:\/\/eswt.cz\/wp-content\/uploads\/2023\/12\/cropped-eswt_ag_favicon.jpg\",\"contentUrl\":\"http:\/\/eswt.cz\/wp-content\/uploads\/2023\/12\/cropped-eswt_ag_favicon.jpg\",\"width\":512,\"height\":512,\"caption\":\"ESWT s.r.o.\"},\"image\":{\"@id\":\"https:\/\/eswt.cz\/#\/schema\/logo\/image\/\"},\"sameAs\":[\"https:\/\/www.facebook.com\/eswtsro\",\"https:\/\/www.linkedin.com\/company\/eswt\/\"]}]}<\/script>\n<!-- \/ Yoast SEO plugin. -->","yoast_head_json":{"title":"Tir\u00e1\u017e - ESWT s.r.o.","robots":{"index":"noindex","follow":"follow"},"og_locale":"en_GB","og_type":"article","og_title":"Tir\u00e1\u017e - ESWT s.r.o.","og_description":"Kontaktn\u00ed adresa ESWT s.r.o., Lednick\u00e1 1533, 198\u00a000 Praha 9 \u2013 Kyje eswt@eswt.cz Osoby opr\u00e1vn\u011bn\u00e9 zastupovat spole\u010dnost Marian Trnovec (marian.trnovec@eswt.cz) David K\u016fs (david.kus@eswt.cz) Z\u00e1pis do obchodn\u00edho rejst\u0159\u00edku N\u00e1zev spole\u010dnosti: ESWT s.r.o. I\u010c: 28921984 DI\u010c: CZ28921984","og_url":"https:\/\/eswt.cz\/en\/tiraz\/","og_site_name":"ESWT s.r.o.","article_publisher":"https:\/\/www.facebook.com\/eswtsro","article_modified_time":"2024-03-03T11:43:01+00:00","twitter_card":"summary_large_image","twitter_misc":{"Estimated reading time":"1 minute"},"schema":{"@context":"https:\/\/schema.org","@graph":[{"@type":"WebPage","@id":"https:\/\/eswt.cz\/tiraz\/","url":"https:\/\/eswt.cz\/tiraz\/","name":"Tir\u00e1\u017e - ESWT s.r.o.","isPartOf":{"@id":"https:\/\/eswt.cz\/#website"},"datePublished":"2023-12-17T17:38:42+00:00","dateModified":"2024-03-03T11:43:01+00:00","breadcrumb":{"@id":"https:\/\/eswt.cz\/tiraz\/#breadcrumb"},"inLanguage":"en-GB","potentialAction":[{"@type":"ReadAction","target":["https:\/\/eswt.cz\/tiraz\/"]}]},{"@type":"BreadcrumbList","@id":"https:\/\/eswt.cz\/tiraz\/#breadcrumb","itemListElement":[{"@type":"ListItem","position":1,"name":"\u00davod","item":"https:\/\/eswt.cz\/"},{"@type":"ListItem","position":2,"name":"Tir\u00e1\u017e"}]},{"@type":"WebSite","@id":"https:\/\/eswt.cz\/#website","url":"https:\/\/eswt.cz\/","name":"ESWT s.r.o.","description":"Engineering Service Welding Technology","publisher":{"@id":"https:\/\/eswt.cz\/#organization"},"potentialAction":[{"@type":"SearchAction","target":{"@type":"EntryPoint","urlTemplate":"https:\/\/eswt.cz\/?s={search_term_string}"},"query-input":{"@type":"PropertyValueSpecification","valueRequired":true,"valueName":"search_term_string"}}],"inLanguage":"en-GB"},{"@type":"Organization","@id":"https:\/\/eswt.cz\/#organization","name":"ESWT s.r.o.","alternateName":"Engineering Service Welding Technology","url":"https:\/\/eswt.cz\/","logo":{"@type":"ImageObject","inLanguage":"en-GB","@id":"https:\/\/eswt.cz\/#\/schema\/logo\/image\/","url":"http:\/\/eswt.cz\/wp-content\/uploads\/2023\/12\/cropped-eswt_ag_favicon.jpg","contentUrl":"http:\/\/eswt.cz\/wp-content\/uploads\/2023\/12\/cropped-eswt_ag_favicon.jpg","width":512,"height":512,"caption":"ESWT s.r.o."},"image":{"@id":"https:\/\/eswt.cz\/#\/schema\/logo\/image\/"},"sameAs":["https:\/\/www.facebook.com\/eswtsro","https:\/\/www.linkedin.com\/company\/eswt\/"]}]}},"_links":{"self":[{"href":"https:\/\/eswt.cz\/en\/wp-json\/wp\/v2\/pages\/670","targetHints":{"allow":["GET"]}}],"collection":[{"href":"https:\/\/eswt.cz\/en\/wp-json\/wp\/v2\/pages"}],"about":[{"href":"https:\/\/eswt.cz\/en\/wp-json\/wp\/v2\/types\/page"}],"author":[{"embeddable":true,"href":"https:\/\/eswt.cz\/en\/wp-json\/wp\/v2\/users\/1"}],"replies":[{"embeddable":true,"href":"https:\/\/eswt.cz\/en\/wp-json\/wp\/v2\/comments?post=670"}],"version-history":[{"count":5,"href":"https:\/\/eswt.cz\/en\/wp-json\/wp\/v2\/pages\/670\/revisions"}],"predecessor-version":[{"id":1306,"href":"https:\/\/eswt.cz\/en\/wp-json\/wp\/v2\/pages\/670\/revisions\/1306"}],"wp:attachment":[{"href":"https:\/\/eswt.cz\/en\/wp-json\/wp\/v2\/media?parent=670"}],"curies":[{"name":"wp","href":"https:\/\/api.w.org\/{rel}","templated":true}]}}