{"id":1158,"date":"2024-02-27T17:12:06","date_gmt":"2024-02-27T16:12:06","guid":{"rendered":"https:\/\/demo221.wonderblue.studio\/?page_id=1158"},"modified":"2026-02-28T10:23:59","modified_gmt":"2026-02-28T09:23:59","slug":"certifikace","status":"publish","type":"page","link":"https:\/\/eswt.cz\/en\/certifikace\/","title":{"rendered":"Certification"},"content":{"rendered":"<div data-elementor-type=\"wp-page\" data-elementor-id=\"1158\" class=\"elementor elementor-1158\" data-elementor-post-type=\"page\">\n\t\t\t\t<div class=\"elementor-element elementor-element-1823fd8 e-flex e-con-boxed e-con e-parent\" data-id=\"1823fd8\" data-element_type=\"container\" data-e-type=\"container\" data-settings=\"{&quot;background_background&quot;:&quot;classic&quot;}\">\n\t\t\t\t\t<div class=\"e-con-inner\">\n\t\t<div class=\"elementor-element elementor-element-44ef4ad e-con-full e-flex e-con e-child\" data-id=\"44ef4ad\" data-element_type=\"container\" data-e-type=\"container\">\n\t\t<div class=\"elementor-element elementor-element-ac1c6e0 e-flex e-con-boxed e-con e-child\" data-id=\"ac1c6e0\" data-element_type=\"container\" data-e-type=\"container\">\n\t\t\t\t\t<div class=\"e-con-inner\">\n\t\t\t\t<div class=\"elementor-element elementor-element-48705b4 elementor-widget elementor-widget-heading\" data-id=\"48705b4\" data-element_type=\"widget\" data-e-type=\"widget\" data-widget_type=\"heading.default\">\n\t\t\t\t<div class=\"elementor-widget-container\">\n\t\t\t\t\t<h4 class=\"elementor-heading-title elementor-size-default\">EN ISO 3834<\/h4>\t\t\t\t<\/div>\n\t\t\t\t<\/div>\n\t\t\t\t<div class=\"elementor-element elementor-element-990c93c elementor-widget elementor-widget-gallery\" data-id=\"990c93c\" data-element_type=\"widget\" data-e-type=\"widget\" data-settings=\"{&quot;columns&quot;:2,&quot;background_overlay_hover_animation&quot;:&quot;fade-in&quot;,&quot;columns_mobile&quot;:2,&quot;gallery_layout&quot;:&quot;masonry&quot;,&quot;lazyload&quot;:&quot;yes&quot;,&quot;columns_tablet&quot;:2,&quot;gap&quot;:{&quot;unit&quot;:&quot;px&quot;,&quot;size&quot;:10,&quot;sizes&quot;:[]},&quot;gap_tablet&quot;:{&quot;unit&quot;:&quot;px&quot;,&quot;size&quot;:10,&quot;sizes&quot;:[]},&quot;gap_mobile&quot;:{&quot;unit&quot;:&quot;px&quot;,&quot;size&quot;:10,&quot;sizes&quot;:[]},&quot;link_to&quot;:&quot;file&quot;,&quot;overlay_background&quot;:&quot;yes&quot;,&quot;content_hover_animation&quot;:&quot;fade-in&quot;}\" data-widget_type=\"gallery.default\">\n\t\t\t\t<div class=\"elementor-widget-container\">\n\t\t\t\t\t\t\t<div class=\"elementor-gallery__container\">\n\t\t\t\t\t\t\t<a class=\"e-gallery-item elementor-gallery-item elementor-animated-content\" href=\"https:\/\/eswt.cz\/wp-content\/uploads\/2026\/02\/CSN-EN-ISO-3834-2022-AJ.jpg\" data-elementor-open-lightbox=\"yes\" data-elementor-lightbox-slideshow=\"990c93c\" data-e-action-hash=\"#elementor-action%3Aaction%3Dlightbox%26settings%3DeyJpZCI6MTMyOCwidXJsIjoiaHR0cHM6XC9cL2Vzd3QuY3pcL3dwLWNvbnRlbnRcL3VwbG9hZHNcLzIwMjZcLzAyXC9DU04tRU4tSVNPLTM4MzQtMjAyMi1BSi5qcGciLCJzbGlkZXNob3ciOiI5OTBjOTNjIn0%3D\">\n\t\t\t\t\t<div class=\"e-gallery-image elementor-gallery-item__image\" data-thumbnail=\"https:\/\/eswt.cz\/wp-content\/uploads\/2026\/02\/CSN-EN-ISO-3834-2022-AJ-768x1081.jpg\" data-width=\"768\" data-height=\"1081\" aria-label=\"\" role=\"img\" ><\/div>\n\t\t\t\t\t\t\t\t\t\t\t<div class=\"elementor-gallery-item__overlay\"><\/div>\n\t\t\t\t\t\t\t\t\t\t\t\t\t\t<\/a>\n\t\t\t\t\t\t\t<a class=\"e-gallery-item elementor-gallery-item elementor-animated-content\" href=\"https:\/\/eswt.cz\/wp-content\/uploads\/2026\/02\/CSN-EN-ISO-3834-2022-CZ.jpg\" data-elementor-open-lightbox=\"yes\" data-elementor-lightbox-slideshow=\"990c93c\" data-e-action-hash=\"#elementor-action%3Aaction%3Dlightbox%26settings%3DeyJpZCI6MTMyOSwidXJsIjoiaHR0cHM6XC9cL2Vzd3QuY3pcL3dwLWNvbnRlbnRcL3VwbG9hZHNcLzIwMjZcLzAyXC9DU04tRU4tSVNPLTM4MzQtMjAyMi1DWi5qcGciLCJzbGlkZXNob3ciOiI5OTBjOTNjIn0%3D\">\n\t\t\t\t\t<div class=\"e-gallery-image elementor-gallery-item__image\" data-thumbnail=\"https:\/\/eswt.cz\/wp-content\/uploads\/2026\/02\/CSN-EN-ISO-3834-2022-CZ-768x1100.jpg\" data-width=\"768\" data-height=\"1100\" aria-label=\"\" role=\"img\" ><\/div>\n\t\t\t\t\t\t\t\t\t\t\t<div class=\"elementor-gallery-item__overlay\"><\/div>\n\t\t\t\t\t\t\t\t\t\t\t\t\t\t<\/a>\n\t\t\t\t\t<\/div>\n\t\t\t\t\t<\/div>\n\t\t\t\t<\/div>\n\t\t\t\t\t<\/div>\n\t\t\t\t<\/div>\n\t\t<div class=\"elementor-element elementor-element-4b9933a e-flex e-con-boxed e-con e-child\" data-id=\"4b9933a\" data-element_type=\"container\" data-e-type=\"container\">\n\t\t\t\t\t<div class=\"e-con-inner\">\n\t\t\t\t<div class=\"elementor-element elementor-element-34dbaf3 elementor-widget elementor-widget-heading\" data-id=\"34dbaf3\" data-element_type=\"widget\" data-e-type=\"widget\" data-widget_type=\"heading.default\">\n\t\t\t\t<div class=\"elementor-widget-container\">\n\t\t\t\t\t<h4 class=\"elementor-heading-title elementor-size-default\">ISO 9001<\/h4>\t\t\t\t<\/div>\n\t\t\t\t<\/div>\n\t\t\t\t<div class=\"elementor-element elementor-element-477c748 elementor-widget elementor-widget-gallery\" data-id=\"477c748\" data-element_type=\"widget\" data-e-type=\"widget\" data-settings=\"{&quot;columns&quot;:2,&quot;background_overlay_hover_animation&quot;:&quot;fade-in&quot;,&quot;columns_mobile&quot;:2,&quot;gallery_layout&quot;:&quot;masonry&quot;,&quot;lazyload&quot;:&quot;yes&quot;,&quot;columns_tablet&quot;:2,&quot;gap&quot;:{&quot;unit&quot;:&quot;px&quot;,&quot;size&quot;:10,&quot;sizes&quot;:[]},&quot;gap_tablet&quot;:{&quot;unit&quot;:&quot;px&quot;,&quot;size&quot;:10,&quot;sizes&quot;:[]},&quot;gap_mobile&quot;:{&quot;unit&quot;:&quot;px&quot;,&quot;size&quot;:10,&quot;sizes&quot;:[]},&quot;link_to&quot;:&quot;file&quot;,&quot;overlay_background&quot;:&quot;yes&quot;,&quot;content_hover_animation&quot;:&quot;fade-in&quot;}\" data-widget_type=\"gallery.default\">\n\t\t\t\t<div class=\"elementor-widget-container\">\n\t\t\t\t\t\t\t<div class=\"elementor-gallery__container\">\n\t\t\t\t\t\t\t<a class=\"e-gallery-item elementor-gallery-item elementor-animated-content\" href=\"https:\/\/eswt.cz\/wp-content\/uploads\/2026\/02\/ISO-9001-AJ-2027.jpg\" data-elementor-open-lightbox=\"yes\" data-elementor-lightbox-slideshow=\"477c748\" data-e-action-hash=\"#elementor-action%3Aaction%3Dlightbox%26settings%3DeyJpZCI6MTMyNiwidXJsIjoiaHR0cHM6XC9cL2Vzd3QuY3pcL3dwLWNvbnRlbnRcL3VwbG9hZHNcLzIwMjZcLzAyXC9JU08tOTAwMS1BSi0yMDI3LmpwZyIsInNsaWRlc2hvdyI6IjQ3N2M3NDgifQ%3D%3D\">\n\t\t\t\t\t<div class=\"e-gallery-image elementor-gallery-item__image\" data-thumbnail=\"https:\/\/eswt.cz\/wp-content\/uploads\/2026\/02\/ISO-9001-AJ-2027-768x544.jpg\" data-width=\"768\" data-height=\"544\" aria-label=\"\" role=\"img\" ><\/div>\n\t\t\t\t\t\t\t\t\t\t\t<div class=\"elementor-gallery-item__overlay\"><\/div>\n\t\t\t\t\t\t\t\t\t\t\t\t\t\t<\/a>\n\t\t\t\t\t\t\t<a class=\"e-gallery-item elementor-gallery-item elementor-animated-content\" href=\"https:\/\/eswt.cz\/wp-content\/uploads\/2026\/02\/ISO-9001-CZ-2027.jpg\" data-elementor-open-lightbox=\"yes\" data-elementor-lightbox-slideshow=\"477c748\" data-e-action-hash=\"#elementor-action%3Aaction%3Dlightbox%26settings%3DeyJpZCI6MTMyNywidXJsIjoiaHR0cHM6XC9cL2Vzd3QuY3pcL3dwLWNvbnRlbnRcL3VwbG9hZHNcLzIwMjZcLzAyXC9JU08tOTAwMS1DWi0yMDI3LmpwZyIsInNsaWRlc2hvdyI6IjQ3N2M3NDgifQ%3D%3D\">\n\t\t\t\t\t<div class=\"e-gallery-image elementor-gallery-item__image\" data-thumbnail=\"https:\/\/eswt.cz\/wp-content\/uploads\/2026\/02\/ISO-9001-CZ-2027-768x546.jpg\" data-width=\"768\" data-height=\"546\" aria-label=\"\" role=\"img\" ><\/div>\n\t\t\t\t\t\t\t\t\t\t\t<div class=\"elementor-gallery-item__overlay\"><\/div>\n\t\t\t\t\t\t\t\t\t\t\t\t\t\t<\/a>\n\t\t\t\t\t<\/div>\n\t\t\t\t\t<\/div>\n\t\t\t\t<\/div>\n\t\t\t\t\t<\/div>\n\t\t\t\t<\/div>\n\t\t\t\t<\/div>\n\t\t<div class=\"elementor-element elementor-element-5a98137 e-con-full e-flex e-con e-child\" data-id=\"5a98137\" data-element_type=\"container\" data-e-type=\"container\">\n\t\t<div class=\"elementor-element elementor-element-87ae6ea e-flex e-con-boxed e-con e-child\" data-id=\"87ae6ea\" data-element_type=\"container\" data-e-type=\"container\">\n\t\t\t\t\t<div class=\"e-con-inner\">\n\t\t\t\t<div class=\"elementor-element elementor-element-e17b1e7 elementor-widget elementor-widget-heading\" data-id=\"e17b1e7\" data-element_type=\"widget\" data-e-type=\"widget\" data-widget_type=\"heading.default\">\n\t\t\t\t<div class=\"elementor-widget-container\">\n\t\t\t\t\t<h4 class=\"elementor-heading-title elementor-size-default\">Quality assurance<\/h4>\t\t\t\t<\/div>\n\t\t\t\t<\/div>\n\t\t\t\t<div class=\"elementor-element elementor-element-b3e0afa elementor-widget elementor-widget-gallery\" data-id=\"b3e0afa\" data-element_type=\"widget\" data-e-type=\"widget\" data-settings=\"{&quot;columns&quot;:2,&quot;background_overlay_hover_animation&quot;:&quot;fade-in&quot;,&quot;columns_mobile&quot;:2,&quot;gallery_layout&quot;:&quot;masonry&quot;,&quot;lazyload&quot;:&quot;yes&quot;,&quot;columns_tablet&quot;:2,&quot;gap&quot;:{&quot;unit&quot;:&quot;px&quot;,&quot;size&quot;:10,&quot;sizes&quot;:[]},&quot;gap_tablet&quot;:{&quot;unit&quot;:&quot;px&quot;,&quot;size&quot;:10,&quot;sizes&quot;:[]},&quot;gap_mobile&quot;:{&quot;unit&quot;:&quot;px&quot;,&quot;size&quot;:10,&quot;sizes&quot;:[]},&quot;link_to&quot;:&quot;file&quot;,&quot;overlay_background&quot;:&quot;yes&quot;,&quot;content_hover_animation&quot;:&quot;fade-in&quot;}\" data-widget_type=\"gallery.default\">\n\t\t\t\t<div class=\"elementor-widget-container\">\n\t\t\t\t\t\t\t<div class=\"elementor-gallery__container\">\n\t\t\t\t\t\t\t<a class=\"e-gallery-item elementor-gallery-item elementor-animated-content\" href=\"https:\/\/eswt.cz\/wp-content\/uploads\/2024\/02\/Zajisteni-kvality_1.webp\" data-elementor-open-lightbox=\"yes\" data-elementor-lightbox-slideshow=\"b3e0afa\" data-e-action-hash=\"#elementor-action%3Aaction%3Dlightbox%26settings%3DeyJpZCI6MTE2NywidXJsIjoiaHR0cHM6XC9cL2Vzd3QuY3pcL3dwLWNvbnRlbnRcL3VwbG9hZHNcLzIwMjRcLzAyXC9aYWppc3Rlbmkta3ZhbGl0eV8xLndlYnAiLCJzbGlkZXNob3ciOiJiM2UwYWZhIn0%3D\">\n\t\t\t\t\t<div class=\"e-gallery-image elementor-gallery-item__image\" data-thumbnail=\"https:\/\/eswt.cz\/wp-content\/uploads\/2024\/02\/Zajisteni-kvality_1.webp\" data-width=\"620\" data-height=\"877\" aria-label=\"\" role=\"img\" ><\/div>\n\t\t\t\t\t\t\t\t\t\t\t<div class=\"elementor-gallery-item__overlay\"><\/div>\n\t\t\t\t\t\t\t\t\t\t\t\t\t\t<\/a>\n\t\t\t\t\t\t\t<a class=\"e-gallery-item elementor-gallery-item elementor-animated-content\" href=\"https:\/\/eswt.cz\/wp-content\/uploads\/2024\/02\/Zajisteni-kvality_2.webp\" data-elementor-open-lightbox=\"yes\" data-elementor-lightbox-slideshow=\"b3e0afa\" data-e-action-hash=\"#elementor-action%3Aaction%3Dlightbox%26settings%3DeyJpZCI6MTE2OCwidXJsIjoiaHR0cHM6XC9cL2Vzd3QuY3pcL3dwLWNvbnRlbnRcL3VwbG9hZHNcLzIwMjRcLzAyXC9aYWppc3Rlbmkta3ZhbGl0eV8yLndlYnAiLCJzbGlkZXNob3ciOiJiM2UwYWZhIn0%3D\">\n\t\t\t\t\t<div class=\"e-gallery-image elementor-gallery-item__image\" data-thumbnail=\"https:\/\/eswt.cz\/wp-content\/uploads\/2024\/02\/Zajisteni-kvality_2.webp\" data-width=\"620\" data-height=\"877\" aria-label=\"\" role=\"img\" ><\/div>\n\t\t\t\t\t\t\t\t\t\t\t<div class=\"elementor-gallery-item__overlay\"><\/div>\n\t\t\t\t\t\t\t\t\t\t\t\t\t\t<\/a>\n\t\t\t\t\t<\/div>\n\t\t\t\t\t<\/div>\n\t\t\t\t<\/div>\n\t\t\t\t\t<\/div>\n\t\t\t\t<\/div>\n\t\t<div class=\"elementor-element elementor-element-11f6008 e-flex e-con-boxed e-con e-child\" data-id=\"11f6008\" data-element_type=\"container\" data-e-type=\"container\">\n\t\t\t\t\t<div class=\"e-con-inner\">\n\t\t\t\t<div class=\"elementor-element elementor-element-c08182c elementor-widget elementor-widget-heading\" data-id=\"c08182c\" data-element_type=\"widget\" data-e-type=\"widget\" data-widget_type=\"heading.default\">\n\t\t\t\t<div class=\"elementor-widget-container\">\n\t\t\t\t\t<h4 class=\"elementor-heading-title elementor-size-default\">next...<\/h4>\t\t\t\t<\/div>\n\t\t\t\t<\/div>\n\t\t\t\t<div class=\"elementor-element elementor-element-f4edcc4 elementor-widget elementor-widget-gallery\" data-id=\"f4edcc4\" data-element_type=\"widget\" data-e-type=\"widget\" data-settings=\"{&quot;columns&quot;:2,&quot;background_overlay_hover_animation&quot;:&quot;fade-in&quot;,&quot;columns_mobile&quot;:2,&quot;gallery_layout&quot;:&quot;masonry&quot;,&quot;lazyload&quot;:&quot;yes&quot;,&quot;columns_tablet&quot;:2,&quot;gap&quot;:{&quot;unit&quot;:&quot;px&quot;,&quot;size&quot;:10,&quot;sizes&quot;:[]},&quot;gap_tablet&quot;:{&quot;unit&quot;:&quot;px&quot;,&quot;size&quot;:10,&quot;sizes&quot;:[]},&quot;gap_mobile&quot;:{&quot;unit&quot;:&quot;px&quot;,&quot;size&quot;:10,&quot;sizes&quot;:[]},&quot;link_to&quot;:&quot;file&quot;,&quot;overlay_background&quot;:&quot;yes&quot;,&quot;content_hover_animation&quot;:&quot;fade-in&quot;}\" data-widget_type=\"gallery.default\">\n\t\t\t\t<div class=\"elementor-widget-container\">\n\t\t\t\t\t\t\t<div class=\"elementor-gallery__container\">\n\t\t\t\t\t\t\t<a class=\"e-gallery-item elementor-gallery-item elementor-animated-content\" href=\"https:\/\/eswt.cz\/wp-content\/uploads\/2024\/02\/dalsi_1.jpeg\" data-elementor-open-lightbox=\"yes\" data-elementor-lightbox-slideshow=\"f4edcc4\" data-e-action-hash=\"#elementor-action%3Aaction%3Dlightbox%26settings%3DeyJpZCI6MTE2MywidXJsIjoiaHR0cHM6XC9cL2Vzd3QuY3pcL3dwLWNvbnRlbnRcL3VwbG9hZHNcLzIwMjRcLzAyXC9kYWxzaV8xLmpwZWciLCJzbGlkZXNob3ciOiJmNGVkY2M0In0%3D\">\n\t\t\t\t\t<div class=\"e-gallery-image elementor-gallery-item__image\" data-thumbnail=\"https:\/\/eswt.cz\/wp-content\/uploads\/2024\/02\/dalsi_1.jpeg\" data-width=\"620\" data-height=\"877\" aria-label=\"\" role=\"img\" ><\/div>\n\t\t\t\t\t\t\t\t\t\t\t<div class=\"elementor-gallery-item__overlay\"><\/div>\n\t\t\t\t\t\t\t\t\t\t\t\t\t\t<\/a>\n\t\t\t\t\t\t\t<a class=\"e-gallery-item elementor-gallery-item elementor-animated-content\" href=\"https:\/\/eswt.cz\/wp-content\/uploads\/2024\/02\/dalsi_2.jpeg\" data-elementor-open-lightbox=\"yes\" data-elementor-lightbox-slideshow=\"f4edcc4\" data-e-action-hash=\"#elementor-action%3Aaction%3Dlightbox%26settings%3DeyJpZCI6MTE2NCwidXJsIjoiaHR0cHM6XC9cL2Vzd3QuY3pcL3dwLWNvbnRlbnRcL3VwbG9hZHNcLzIwMjRcLzAyXC9kYWxzaV8yLmpwZWciLCJzbGlkZXNob3ciOiJmNGVkY2M0In0%3D\">\n\t\t\t\t\t<div class=\"e-gallery-image elementor-gallery-item__image\" data-thumbnail=\"https:\/\/eswt.cz\/wp-content\/uploads\/2024\/02\/dalsi_2.jpeg\" data-width=\"620\" data-height=\"877\" aria-label=\"\" role=\"img\" ><\/div>\n\t\t\t\t\t\t\t\t\t\t\t<div class=\"elementor-gallery-item__overlay\"><\/div>\n\t\t\t\t\t\t\t\t\t\t\t\t\t\t<\/a>\n\t\t\t\t\t<\/div>\n\t\t\t\t\t<\/div>\n\t\t\t\t<\/div>\n\t\t\t\t\t<\/div>\n\t\t\t\t<\/div>\n\t\t\t\t<\/div>\n\t\t\t\t\t<\/div>\n\t\t\t\t<\/div>\n\t\t\t\t<\/div>","protected":false},"excerpt":{"rendered":"<p>\u010cSN EN ISO 3834 ISO 9001 Quality assurance other...<\/p>","protected":false},"author":1,"featured_media":0,"parent":0,"menu_order":0,"comment_status":"closed","ping_status":"closed","template":"","meta":{"footnotes":""},"class_list":["post-1158","page","type-page","status-publish","hentry"],"blocksy_meta":{"vertical_spacing_source":"custom","content_area_spacing":"none","styles_descriptor":{"styles":{"desktop":"","tablet":"","mobile":""},"google_fonts":[],"version":6}},"yoast_head":"<!-- This site is optimized with the Yoast SEO plugin v27.0 - https:\/\/yoast.com\/product\/yoast-seo-wordpress\/ -->\n<title>Certifikace - ESWT s.r.o.<\/title>\n<meta name=\"robots\" content=\"index, follow, max-snippet:-1, max-image-preview:large, max-video-preview:-1\" \/>\n<link rel=\"canonical\" href=\"https:\/\/eswt.cz\/en\/certifikace\/\" \/>\n<meta property=\"og:locale\" content=\"en_GB\" \/>\n<meta property=\"og:type\" content=\"article\" \/>\n<meta property=\"og:title\" content=\"Certifikace - ESWT s.r.o.\" \/>\n<meta property=\"og:description\" content=\"\u010cSN EN ISO 3834 ISO 9001 Zaji\u0161t\u011bn\u00ed kvality dal\u0161\u00ed&#8230;\" \/>\n<meta property=\"og:url\" content=\"https:\/\/eswt.cz\/en\/certifikace\/\" \/>\n<meta property=\"og:site_name\" content=\"ESWT s.r.o.\" \/>\n<meta property=\"article:publisher\" content=\"https:\/\/www.facebook.com\/eswtsro\" \/>\n<meta property=\"article:modified_time\" content=\"2026-02-28T09:23:59+00:00\" \/>\n<meta name=\"twitter:card\" content=\"summary_large_image\" \/>\n<meta name=\"twitter:label1\" content=\"Estimated reading time\" \/>\n\t<meta name=\"twitter:data1\" content=\"1 minute\" \/>\n<script type=\"application\/ld+json\" class=\"yoast-schema-graph\">{\"@context\":\"https:\/\/schema.org\",\"@graph\":[{\"@type\":\"WebPage\",\"@id\":\"https:\/\/eswt.cz\/certifikace\/\",\"url\":\"https:\/\/eswt.cz\/certifikace\/\",\"name\":\"Certifikace - ESWT s.r.o.\",\"isPartOf\":{\"@id\":\"https:\/\/eswt.cz\/#website\"},\"datePublished\":\"2024-02-27T16:12:06+00:00\",\"dateModified\":\"2026-02-28T09:23:59+00:00\",\"breadcrumb\":{\"@id\":\"https:\/\/eswt.cz\/certifikace\/#breadcrumb\"},\"inLanguage\":\"en-GB\",\"potentialAction\":[{\"@type\":\"ReadAction\",\"target\":[\"https:\/\/eswt.cz\/certifikace\/\"]}]},{\"@type\":\"BreadcrumbList\",\"@id\":\"https:\/\/eswt.cz\/certifikace\/#breadcrumb\",\"itemListElement\":[{\"@type\":\"ListItem\",\"position\":1,\"name\":\"\u00davod\",\"item\":\"https:\/\/eswt.cz\/\"},{\"@type\":\"ListItem\",\"position\":2,\"name\":\"Certifikace\"}]},{\"@type\":\"WebSite\",\"@id\":\"https:\/\/eswt.cz\/#website\",\"url\":\"https:\/\/eswt.cz\/\",\"name\":\"ESWT s.r.o.\",\"description\":\"Engineering Service Welding Technology\",\"publisher\":{\"@id\":\"https:\/\/eswt.cz\/#organization\"},\"potentialAction\":[{\"@type\":\"SearchAction\",\"target\":{\"@type\":\"EntryPoint\",\"urlTemplate\":\"https:\/\/eswt.cz\/?s={search_term_string}\"},\"query-input\":{\"@type\":\"PropertyValueSpecification\",\"valueRequired\":true,\"valueName\":\"search_term_string\"}}],\"inLanguage\":\"en-GB\"},{\"@type\":\"Organization\",\"@id\":\"https:\/\/eswt.cz\/#organization\",\"name\":\"ESWT s.r.o.\",\"alternateName\":\"Engineering Service Welding Technology\",\"url\":\"https:\/\/eswt.cz\/\",\"logo\":{\"@type\":\"ImageObject\",\"inLanguage\":\"en-GB\",\"@id\":\"https:\/\/eswt.cz\/#\/schema\/logo\/image\/\",\"url\":\"http:\/\/eswt.cz\/wp-content\/uploads\/2023\/12\/cropped-eswt_ag_favicon.jpg\",\"contentUrl\":\"http:\/\/eswt.cz\/wp-content\/uploads\/2023\/12\/cropped-eswt_ag_favicon.jpg\",\"width\":512,\"height\":512,\"caption\":\"ESWT s.r.o.\"},\"image\":{\"@id\":\"https:\/\/eswt.cz\/#\/schema\/logo\/image\/\"},\"sameAs\":[\"https:\/\/www.facebook.com\/eswtsro\",\"https:\/\/www.linkedin.com\/company\/eswt\/\"]}]}<\/script>\n<!-- \/ Yoast SEO plugin. -->","yoast_head_json":{"title":"Certifikace - ESWT s.r.o.","robots":{"index":"index","follow":"follow","max-snippet":"max-snippet:-1","max-image-preview":"max-image-preview:large","max-video-preview":"max-video-preview:-1"},"canonical":"https:\/\/eswt.cz\/en\/certifikace\/","og_locale":"en_GB","og_type":"article","og_title":"Certifikace - ESWT s.r.o.","og_description":"\u010cSN EN ISO 3834 ISO 9001 Zaji\u0161t\u011bn\u00ed kvality dal\u0161\u00ed&#8230;","og_url":"https:\/\/eswt.cz\/en\/certifikace\/","og_site_name":"ESWT s.r.o.","article_publisher":"https:\/\/www.facebook.com\/eswtsro","article_modified_time":"2026-02-28T09:23:59+00:00","twitter_card":"summary_large_image","twitter_misc":{"Estimated reading time":"1 minute"},"schema":{"@context":"https:\/\/schema.org","@graph":[{"@type":"WebPage","@id":"https:\/\/eswt.cz\/certifikace\/","url":"https:\/\/eswt.cz\/certifikace\/","name":"Certifikace - ESWT s.r.o.","isPartOf":{"@id":"https:\/\/eswt.cz\/#website"},"datePublished":"2024-02-27T16:12:06+00:00","dateModified":"2026-02-28T09:23:59+00:00","breadcrumb":{"@id":"https:\/\/eswt.cz\/certifikace\/#breadcrumb"},"inLanguage":"en-GB","potentialAction":[{"@type":"ReadAction","target":["https:\/\/eswt.cz\/certifikace\/"]}]},{"@type":"BreadcrumbList","@id":"https:\/\/eswt.cz\/certifikace\/#breadcrumb","itemListElement":[{"@type":"ListItem","position":1,"name":"\u00davod","item":"https:\/\/eswt.cz\/"},{"@type":"ListItem","position":2,"name":"Certifikace"}]},{"@type":"WebSite","@id":"https:\/\/eswt.cz\/#website","url":"https:\/\/eswt.cz\/","name":"ESWT s.r.o.","description":"Engineering Service Welding Technology","publisher":{"@id":"https:\/\/eswt.cz\/#organization"},"potentialAction":[{"@type":"SearchAction","target":{"@type":"EntryPoint","urlTemplate":"https:\/\/eswt.cz\/?s={search_term_string}"},"query-input":{"@type":"PropertyValueSpecification","valueRequired":true,"valueName":"search_term_string"}}],"inLanguage":"en-GB"},{"@type":"Organization","@id":"https:\/\/eswt.cz\/#organization","name":"ESWT s.r.o.","alternateName":"Engineering Service Welding Technology","url":"https:\/\/eswt.cz\/","logo":{"@type":"ImageObject","inLanguage":"en-GB","@id":"https:\/\/eswt.cz\/#\/schema\/logo\/image\/","url":"http:\/\/eswt.cz\/wp-content\/uploads\/2023\/12\/cropped-eswt_ag_favicon.jpg","contentUrl":"http:\/\/eswt.cz\/wp-content\/uploads\/2023\/12\/cropped-eswt_ag_favicon.jpg","width":512,"height":512,"caption":"ESWT s.r.o."},"image":{"@id":"https:\/\/eswt.cz\/#\/schema\/logo\/image\/"},"sameAs":["https:\/\/www.facebook.com\/eswtsro","https:\/\/www.linkedin.com\/company\/eswt\/"]}]}},"_links":{"self":[{"href":"https:\/\/eswt.cz\/en\/wp-json\/wp\/v2\/pages\/1158","targetHints":{"allow":["GET"]}}],"collection":[{"href":"https:\/\/eswt.cz\/en\/wp-json\/wp\/v2\/pages"}],"about":[{"href":"https:\/\/eswt.cz\/en\/wp-json\/wp\/v2\/types\/page"}],"author":[{"embeddable":true,"href":"https:\/\/eswt.cz\/en\/wp-json\/wp\/v2\/users\/1"}],"replies":[{"embeddable":true,"href":"https:\/\/eswt.cz\/en\/wp-json\/wp\/v2\/comments?post=1158"}],"version-history":[{"count":7,"href":"https:\/\/eswt.cz\/en\/wp-json\/wp\/v2\/pages\/1158\/revisions"}],"predecessor-version":[{"id":1332,"href":"https:\/\/eswt.cz\/en\/wp-json\/wp\/v2\/pages\/1158\/revisions\/1332"}],"wp:attachment":[{"href":"https:\/\/eswt.cz\/en\/wp-json\/wp\/v2\/media?parent=1158"}],"curies":[{"name":"wp","href":"https:\/\/api.w.org\/{rel}","templated":true}]}}